{"id":4084,"date":"2022-09-13T14:49:38","date_gmt":"2022-09-13T14:49:38","guid":{"rendered":"https:\/\/robeto.novaworks.net\/?page_id=8"},"modified":"2022-09-13T14:49:38","modified_gmt":"2022-09-13T14:49:38","slug":"cart","status":"publish","type":"page","link":"https:\/\/tomboutique.shop\/?page_id=4084","title":{"rendered":"Cart"},"content":{"rendered":"<div class=\"woocommerce\"><div class=\"woocommerce-notices-wrapper\"><\/div><div class=\"wc-empty-cart-message\">\n\t<div class=\"cart-empty woocommerce-info\" role=\"status\">\n\t\tSepetiniz \u015fu anda bo\u015f.\t<\/div>\n<\/div>\t<p class=\"return-to-shop\">\n\t\t<a class=\"button wc-backward\" href=\"https:\/\/tomboutique.shop\/?page_id=4083\">\n\t\t\tMa\u011fazaya geri d\u00f6n\t\t<\/a>\n\t<\/p>\n<\/div>\n","protected":false},"excerpt":{"rendered":"Sepetiniz \u015fu anda bo\u015f. Ma\u011fazaya geri d\u00f6n","protected":false},"author":1,"featured_media":0,"parent":0,"menu_order":0,"comment_status":"closed","ping_status":"closed","template":"","meta":{"footnotes":""},"class_list":["post-4084","page","type-page","status-publish","hentry"],"_links":{"self":[{"href":"https:\/\/tomboutique.shop\/index.php?rest_route=\/wp\/v2\/pages\/4084","targetHints":{"allow":["GET"]}}],"collection":[{"href":"https:\/\/tomboutique.shop\/index.php?rest_route=\/wp\/v2\/pages"}],"about":[{"href":"https:\/\/tomboutique.shop\/index.php?rest_route=\/wp\/v2\/types\/page"}],"author":[{"embeddable":true,"href":"https:\/\/tomboutique.shop\/index.php?rest_route=\/wp\/v2\/users\/1"}],"replies":[{"embeddable":true,"href":"https:\/\/tomboutique.shop\/index.php?rest_route=%2Fwp%2Fv2%2Fcomments&post=4084"}],"version-history":[{"count":0,"href":"https:\/\/tomboutique.shop\/index.php?rest_route=\/wp\/v2\/pages\/4084\/revisions"}],"wp:attachment":[{"href":"https:\/\/tomboutique.shop\/index.php?rest_route=%2Fwp%2Fv2%2Fmedia&parent=4084"}],"curies":[{"name":"wp","href":"https:\/\/api.w.org\/{rel}","templated":true}]}}